{"id":378,"date":"2023-10-23T10:44:18","date_gmt":"2023-10-23T10:44:18","guid":{"rendered":"https:\/\/zwischeninstitutionundutopie.de\/?page_id=378"},"modified":"2024-12-12T23:16:24","modified_gmt":"2024-12-12T23:16:24","slug":"nachhoeren","status":"publish","type":"page","link":"https:\/\/zwischeninstitutionundutopie.de\/?page_id=378","title":{"rendered":"Nachh\u00f6ren"},"content":{"rendered":"\n<hr class=\"wp-block-separator has-alpha-channel-opacity\"\/>\n\n\n\n<p><strong>Koschka Linkerhand <\/strong>hat vor kurzem ihr neues Buch <strong><em>&#8222;Feministisch Streiten 2&#8220;<\/em><\/strong> in der Buchhandlung Eisenherz vorgestellt. Wir haben sie kurz davor in einem Caf\u00e9 im Westen Berlins zu einem <a href=\"https:\/\/www.freie-radios.net\/132459\" target=\"_blank\" rel=\"noopener\" title=\"\">Interview <\/a>getroffen. <\/p>\n\n\n\n<hr class=\"wp-block-separator has-alpha-channel-opacity\"\/>\n\n\n\n<p>17.02.2024, 19 Uhr, <a href=\"https:\/\/frauenhetz.jetzt\/\" target=\"_blank\" rel=\"noopener\" title=\"\">Frauenhetz<\/a>, Wien und online <br><strong>SHARING DIFFERENT HEARTBEATS. <\/strong>Feministische Utopien entwickeln \u2013 gemeinsam und in Differenz?<br>mit Paula Achenbach, Lena B\u00f6llinger und Birge Krondorfer<\/p>\n\n\n\n<p>Vortr\u00e4ge: <a href=\"https:\/\/mosaik-blog.at\/feministische-utopien-entwickeln-gemeinsam-und-in-differenz\/\" target=\"_blank\" rel=\"noopener\" title=\"\">Mosaik-Podcast<\/a><br>Radio Z: <a href=\"https:\/\/www.freie-radios.net\/127211\" target=\"_blank\" rel=\"noopener\" title=\"\">Johanna Grubner im Gespr\u00e4ch mit Birge Krondorfer zu Fragen der Demokratie, Pluralit\u00e4t sowie Solidarit\u00e4t in linken und feministischen Zusammenh\u00e4ngen<\/a><\/p>\n\n\n\n<hr class=\"wp-block-separator has-alpha-channel-opacity\"\/>\n\n\n\n<p>20.1.2024, 19 Uhr, <a href=\"https:\/\/museumdeskapitalismus.de\/\" target=\"_blank\" rel=\"noopener\" title=\"\">Museum des Kapitalismus<\/a>, Berlin und online<br><strong>ATONAL. <\/strong>\u00dcber (Un)Vereinbarkeiten in der feministischen Geschichte, Theorie und Praxis.<br>mit Ute Gerhard, Friederike Beier und Barbara Grubner<\/p>\n\n\n\n<p>Vortr\u00e4ge: <a href=\"https:\/\/mosaik-blog.at\/unvereinbarkeiten-in-der-feministischen-geschichte-theorie-und-praxis\/\" target=\"_blank\" rel=\"noopener\" title=\"\">Mosaik-Podcast<\/a><br>Radio Z: <a href=\"https:\/\/www.freie-radios.net\/126292?fbclid=IwAR2zsHeaa8YyUu_CTy79RHdn8SCVlqKUF_E5xhnN3V79HTcJ3t7vGyNIUns\" target=\"_blank\" rel=\"noopener\" title=\"\">Melinda Matern im Gespr\u00e4ch mit Friederike Beier zu theoretischen Grundlagen des materialistischen Queerfeminismus<\/a><\/p>\n\n\n\n<hr class=\"wp-block-separator has-alpha-channel-opacity\"\/>\n\n\n\n<p>Mittwoch 29.11.2023, 19 Uhr, digital&nbsp;&nbsp;&nbsp;&nbsp;<br><strong>WHOSE CITY?!&nbsp;<\/strong>Gebaute Konfliktlinien<br>mit Sandra Huning &amp; Tanja M\u00f6lders, Elke Krasny, CLAIMING*SPACES Kollektiv<\/p>\n\n\n\n<p>Vortr\u00e4ge: <a href=\"https:\/\/mosaik-blog.at\/whose-city-gebaute-konfliktlinien\/\" target=\"_blank\" rel=\"noopener\" title=\"\">Mosaik-Podcast<\/a> <br>Radio Z: <a href=\"https:\/\/www.freie-radios.net\/125483\" target=\"_blank\" rel=\"noopener\" title=\"\">Rebecca Wall und Felix Hofmann im Gespr\u00e4ch mit Sandra Huning und Tanja M\u00f6lders zu feministischer Stadtforschung und Stadtplanung<\/a><\/p>\n\n\n\n<hr class=\"wp-block-separator has-alpha-channel-opacity\"\/>\n\n\n\n<p>Mittwoch 22.11.2023, 19 Uhr, digital<br><strong>POSTMODERN TALKING.&nbsp;<\/strong>Sprache als feministisches Konfliktfeld<br>mit Elke Schimpf, Ioanna Menhard, Katharina Lux<\/p>\n\n\n\n<p>Vortr\u00e4ge: <a href=\"https:\/\/mosaik-blog.at\/sprache-als-feministisches-konfliktfeld\/\" target=\"_blank\" rel=\"noopener\" title=\"\">Mosaik-Podcast<\/a><br>Radio Z: <a href=\"https:\/\/www.freie-radios.net\/125306\" target=\"_blank\" rel=\"noopener\" title=\"\">Laura Melina Berling (@littlefeministblog) im Gespr\u00e4ch mit Katharina Lux, Elke Schimpf und Ioanna Menhard<\/a><\/p>\n\n\n\n<hr class=\"wp-block-separator has-alpha-channel-opacity\"\/>\n\n\n\n<p>Mittwoch 25.10.2023, 19 Uhr, digital&nbsp;&nbsp;&nbsp;&nbsp;<br><strong>BURNING DOWN THE HOUSE<\/strong>. Kinder haben im Kapitalismus<br>mit Antje Schrupp, Alicia Schlender &amp; Lisa Yashodhara Haller <\/p>\n\n\n\n<p>Vortr\u00e4ge: <a href=\"https:\/\/mosaik-blog.at\/kinder-haben-im-kapitalismus\/\" target=\"_blank\" rel=\"noopener\" title=\"\">Mosaik-Podcast<\/a><br>Radio Z: <a href=\"https:\/\/www.freie-radios.net\/124752\" target=\"_blank\" rel=\"noopener\" title=\"\">Raphael Deindl im Gespr\u00e4ch mit Alicia Schlender und Lisa Yashodhara Haller zum Thema \u201eElternschaft im Kapitalismus\u201c<\/a><\/p>\n\n\n\n<hr class=\"wp-block-separator has-alpha-channel-opacity\"\/>\n\n\n\n<p>Mittwoch 18.10.2023, 19 Uhr, digital&nbsp;&nbsp;&nbsp;&nbsp;<br><strong>TEAR THE FASCISTS DOWN.&nbsp;<\/strong>Zum Verh\u00e4ltnis von Feminismus, Antifaschismus und der Erinnerung an den Nationalsozialismus<br>mit Sina Speit und Juliane Lang<\/p>\n\n\n\n<p>Vortr\u00e4ge: <a href=\"https:\/\/mosaik-blog.at\/feminismus-antifaschismus-erinnerungspolitik\/\" target=\"_blank\" rel=\"noopener\" title=\"\">Mosaik-Podcast<\/a><br>Radio Z: <a href=\"https:\/\/www.freie-radios.net\/124636\" target=\"_blank\" rel=\"noopener\" title=\"\">Melinda Matern im Gespr\u00e4ch mit Sina Speit \u00fcber das Erinnern an den Nationalsozialismus aus feministischer Perspektive<\/a><\/p>\n","protected":false},"excerpt":{"rendered":"<p>Koschka Linkerhand hat vor kurzem ihr neues Buch &#8222;Feministisch Streiten 2&#8220; in der Buchhandlung Eisenherz vorgestellt. Wir haben sie kurz davor in einem Caf\u00e9 im Westen Berlins zu einem Interview getroffen. 17.02.2024, 19 Uhr, Frauenhetz, Wien und online SHARING DIFFERENT HEARTBEATS. Feministische Utopien entwickeln \u2013 gemeinsam und in Differenz?mit Paula Achenbach, Lena B\u00f6llinger und Birge&hellip; <a class=\"more-link\" href=\"https:\/\/zwischeninstitutionundutopie.de\/?page_id=378\"><span class=\"screen-reader-text\">Nachh\u00f6ren<\/span> weiterlesen<\/a><\/p>\n","protected":false},"author":1,"featured_media":0,"parent":15,"menu_order":5,"comment_status":"closed","ping_status":"closed","template":"","meta":{"_monsterinsights_skip_tracking":false,"_monsterinsights_sitenote_active":false,"_monsterinsights_sitenote_note":"","_monsterinsights_sitenote_category":0,"footnotes":""},"class_list":["post-378","page","type-page","status-publish","hentry","entry"],"aioseo_notices":[],"_links":{"self":[{"href":"https:\/\/zwischeninstitutionundutopie.de\/index.php?rest_route=\/wp\/v2\/pages\/378","targetHints":{"allow":["GET"]}}],"collection":[{"href":"https:\/\/zwischeninstitutionundutopie.de\/index.php?rest_route=\/wp\/v2\/pages"}],"about":[{"href":"https:\/\/zwischeninstitutionundutopie.de\/index.php?rest_route=\/wp\/v2\/types\/page"}],"author":[{"embeddable":true,"href":"https:\/\/zwischeninstitutionundutopie.de\/index.php?rest_route=\/wp\/v2\/users\/1"}],"replies":[{"embeddable":true,"href":"https:\/\/zwischeninstitutionundutopie.de\/index.php?rest_route=%2Fwp%2Fv2%2Fcomments&post=378"}],"version-history":[{"count":24,"href":"https:\/\/zwischeninstitutionundutopie.de\/index.php?rest_route=\/wp\/v2\/pages\/378\/revisions"}],"predecessor-version":[{"id":509,"href":"https:\/\/zwischeninstitutionundutopie.de\/index.php?rest_route=\/wp\/v2\/pages\/378\/revisions\/509"}],"up":[{"embeddable":true,"href":"https:\/\/zwischeninstitutionundutopie.de\/index.php?rest_route=\/wp\/v2\/pages\/15"}],"wp:attachment":[{"href":"https:\/\/zwischeninstitutionundutopie.de\/index.php?rest_route=%2Fwp%2Fv2%2Fmedia&parent=378"}],"curies":[{"name":"wp","href":"https:\/\/api.w.org\/{rel}","templated":true}]}}