{"id":3,"date":"2022-12-09T11:15:17","date_gmt":"2022-12-09T11:15:17","guid":{"rendered":"https:\/\/zwischeninstitutionundutopie.de\/?page_id=3"},"modified":"2023-02-14T09:23:21","modified_gmt":"2023-02-14T09:23:21","slug":"privacy-policy","status":"publish","type":"page","link":"https:\/\/zwischeninstitutionundutopie.de\/?page_id=3","title":{"rendered":"Impressum"},"content":{"rendered":"\n<p>Angaben gem\u00e4\u00df \u00a75 TMG:<\/p>\n\n\n\n<p><strong>Zwischen Institution und Utopie<\/strong><br>Altenbergerstr. 96<br>4040 Linz<\/p>\n\n\n\n<p>E-Mail: info@zwischeninstitutionundutopie.de<\/p>\n\n\n\n<p>Tel: ++43 73224687748<\/p>\n\n\n\n<p>Verantwortlich f\u00fcr den Inhalt nach \u00a7 55 Abs. 2 RStV: Zwischen Institution und Utopie<\/p>\n\n\n\n<p>Gestaltung von B\u00fcro W\u00fcnsch &amp; St\u00f6mer www.wuenschundstoemer.com<\/p>\n\n\n\n<h3 class=\"wp-block-heading\">Haftungsausschluss (Disclaimer)<\/h3>\n\n\n\n<h3 class=\"wp-block-heading\">Haftung f\u00fcr Inhalte<\/h3>\n\n\n\n<p>Als Diensteanbieter ist Zwischen Institution und Utopie gem\u00e4\u00df \u00a7 7 Abs.1 TMG f\u00fcr eigene Inhalte auf diesen Seiten nach den allgemeinen Gesetzen verantwortlich. Nach \u00a7\u00a7 8 bis 10 TMG ist Zwischen Institution und Utopie  als Diensteanbieter jedoch nicht verpflichtet, \u00fcbermittelte oder gespeicherte fremde Informationen zu \u00fcberwachen oder nach Umst\u00e4nden zu forschen, die auf eine rechtswidrige T\u00e4tigkeit hinweisen. Verpflichtungen zur Entfernung oder Sperrung der Nutzung von Informationen nach den allgemeinen Gesetzen bleiben hiervon unber\u00fchrt. Eine diesbez\u00fcgliche Haftung ist jedoch erst ab dem Zeitpunkt der Kenntnis einer konkreten Rechtsverletzung m\u00f6glich. Bei Bekanntwerden von entsprechenden Rechtsverletzungen wird Zwischen Institution und Utopie diese Inhalte umgehend entfernen.<\/p>\n\n\n\n<h3 class=\"wp-block-heading\">Haftung f\u00fcr Links<\/h3>\n\n\n\n<p>Das Angebot von Zwischen Institution und Utopie enth\u00e4lt Links zu externen Webseiten Dritter, auf deren Inhalte das Kollektiv keinen Einfluss hat. Deshalb kann Zwischen Institution und Utopie f\u00fcr diese fremden Inhalte auch keine Gew\u00e4hr \u00fcbernehmen. F\u00fcr die Inhalte der verlinkten Seiten ist stets der jeweilige Anbieter oder Betreiber der Seiten verantwortlich. Die verlinkten Seiten wurden zum Zeitpunkt der Verlinkung auf m\u00f6gliche Rechtsverst\u00f6\u00dfe \u00fcberpr\u00fcft. Rechtswidrige Inhalte waren zum Zeitpunkt der Verlinkung nicht erkennbar. Eine permanente inhaltliche Kontrolle der verlinkten Seiten ist jedoch ohne konkrete Anhaltspunkte einer Rechtsverletzung nicht zumutbar. Bei Bekanntwerden von Rechtsverletzungen wird das Kollektiv derartige Links umgehend entfernen.<\/p>\n\n\n\n<h3 class=\"wp-block-heading\">Urheberrecht<\/h3>\n\n\n\n<p>Die durch den Seitenbetreiber erstellten Inhalte und Werke auf diesen Seiten unterliegen dem deutschen Urheberrecht. Die Vervielf\u00e4ltigung, Bearbeitung, Verbreitung und jede Art der Verwertung au\u00dferhalb der Grenzen des Urheberrechtes bed\u00fcrfen der schriftlichen Zustimmung des jeweiligen Autors bzw. Erstellers. Downloads und Kopien dieser Seite sind nur f\u00fcr den privaten, nicht kommerziellen Gebrauch gestattet. Soweit die Inhalte auf dieser Seite nicht vom Betreiber erstellt wurden, werden die Urheberrechte Dritter beachtet. Insbesondere werden Inhalte Dritter als solche gekennzeichnet. Sollten Sie trotzdem auf eine Urheberrechtsverletzung aufmerksam werden, bittet das Kollektiv um einen entsprechenden Hinweis. Bei Bekanntwerden von Rechtsverletzungen wird Zwischen Institution und Utopie derartige Inhalte umgehend entfernen.<\/p>\n\n\n\n<h3 class=\"wp-block-heading\">Widerspruch Werbe-Mails<\/h3>\n\n\n\n<p>Der Nutzung von im Rahmen der Impressumspflicht ver\u00f6ffentlichten Kontaktdaten zur \u00dcbersendung von nicht ausdr\u00fccklich angeforderter Werbung und Informationsmaterialien wird hiermit widersprochen. Der Betreiber der Seiten beh\u00e4lt sich ausdr\u00fccklich rechtliche Schritte im Falle der unverlangten Zusendung von Werbeinformationen, etwa durch Spam-E-Mails, vor.<\/p>\n","protected":false},"excerpt":{"rendered":"<p>Angaben gem\u00e4\u00df \u00a75 TMG: Zwischen Institution und UtopieAltenbergerstr. 964040 Linz E-Mail: info@zwischeninstitutionundutopie.de Tel: ++43 73224687748 Verantwortlich f\u00fcr den Inhalt nach \u00a7 55 Abs. 2 RStV: Zwischen Institution und Utopie Gestaltung von B\u00fcro W\u00fcnsch &amp; St\u00f6mer www.wuenschundstoemer.com Haftungsausschluss (Disclaimer) Haftung f\u00fcr Inhalte Als Diensteanbieter ist Zwischen Institution und Utopie gem\u00e4\u00df \u00a7 7 Abs.1 TMG f\u00fcr eigene&hellip; <a class=\"more-link\" href=\"https:\/\/zwischeninstitutionundutopie.de\/?page_id=3\"><span class=\"screen-reader-text\">Impressum<\/span> weiterlesen<\/a><\/p>\n","protected":false},"author":1,"featured_media":0,"parent":15,"menu_order":0,"comment_status":"closed","ping_status":"open","template":"","meta":{"_monsterinsights_skip_tracking":false,"_monsterinsights_sitenote_active":false,"_monsterinsights_sitenote_note":"","_monsterinsights_sitenote_category":0,"footnotes":""},"class_list":["post-3","page","type-page","status-publish","hentry","entry"],"aioseo_notices":[],"_links":{"self":[{"href":"https:\/\/zwischeninstitutionundutopie.de\/index.php?rest_route=\/wp\/v2\/pages\/3","targetHints":{"allow":["GET"]}}],"collection":[{"href":"https:\/\/zwischeninstitutionundutopie.de\/index.php?rest_route=\/wp\/v2\/pages"}],"about":[{"href":"https:\/\/zwischeninstitutionundutopie.de\/index.php?rest_route=\/wp\/v2\/types\/page"}],"author":[{"embeddable":true,"href":"https:\/\/zwischeninstitutionundutopie.de\/index.php?rest_route=\/wp\/v2\/users\/1"}],"replies":[{"embeddable":true,"href":"https:\/\/zwischeninstitutionundutopie.de\/index.php?rest_route=%2Fwp%2Fv2%2Fcomments&post=3"}],"version-history":[{"count":5,"href":"https:\/\/zwischeninstitutionundutopie.de\/index.php?rest_route=\/wp\/v2\/pages\/3\/revisions"}],"predecessor-version":[{"id":235,"href":"https:\/\/zwischeninstitutionundutopie.de\/index.php?rest_route=\/wp\/v2\/pages\/3\/revisions\/235"}],"up":[{"embeddable":true,"href":"https:\/\/zwischeninstitutionundutopie.de\/index.php?rest_route=\/wp\/v2\/pages\/15"}],"wp:attachment":[{"href":"https:\/\/zwischeninstitutionundutopie.de\/index.php?rest_route=%2Fwp%2Fv2%2Fmedia&parent=3"}],"curies":[{"name":"wp","href":"https:\/\/api.w.org\/{rel}","templated":true}]}}