{"id":270,"date":"2023-02-19T14:38:03","date_gmt":"2023-02-19T14:38:03","guid":{"rendered":"https:\/\/zwischeninstitutionundutopie.de\/?page_id=270"},"modified":"2023-02-19T14:59:50","modified_gmt":"2023-02-19T14:59:50","slug":"selbstverstandnis","status":"publish","type":"page","link":"https:\/\/zwischeninstitutionundutopie.de\/?page_id=270","title":{"rendered":"Selbstverst\u00e4ndnis"},"content":{"rendered":"\n<div class=\"wp-block-columns is-layout-flex wp-container-core-columns-is-layout-9d6595d7 wp-block-columns-is-layout-flex\">\n<div class=\"wp-block-column is-layout-flow wp-block-column-is-layout-flow\" style=\"flex-basis:66.66%\">\n<p class=\"has-small-font-size\">Zwischen Institution und Utopie ist ein feministisches Wissenschaftskollektiv, das sich mit gesellschafts- und geschlechtertheoretischen Fragen auseinandersetzt. Wir verstehen uns&nbsp; als autonomer Zusammenschluss, der institutionell unabh\u00e4ngig ist und sich dezentral organisiert. Das Kollektiv zielt auf eine internationale Vernetzung und verfolgt eine geschlechter-, klassen- und generations\u00fcbergreifende Arbeitsweise. Als au\u00dferuniversit\u00e4rer Forschungszusammenhang besch\u00e4ftigen wir uns vor allem mit feministischer Geschichte und Theorie sowie aus gesellschafts- und herrschaftskritischer Perspektive mit Kapitalismus, Staat und Familie als auch Institutionen der Wissenschaft, Kunst und Politik.&nbsp;<\/p>\n\n\n\n<p class=\"has-small-font-size\">&nbsp;Kollektives Ziel sind Denkr\u00e4ume des Utopischen zu schaffen, die den Weg zu einer anderen Form gesellschaftlichen Zusammenlebens ebnen und das Undenkbare zum Horizont unserer Suchbewegung und Hoffnung machen.<\/p>\n<\/div>\n\n\n\n<div class=\"wp-block-column is-layout-flow wp-block-column-is-layout-flow\" style=\"flex-basis:33.33%\">\n<figure class=\"wp-block-image size-large\"><img loading=\"lazy\" decoding=\"async\" width=\"771\" height=\"1024\" src=\"https:\/\/zwischeninstitutionundutopie.de\/wp-content\/uploads\/2023\/02\/Kleine-Bucher-771x1024.png\" alt=\"\" class=\"wp-image-193\" srcset=\"https:\/\/zwischeninstitutionundutopie.de\/wp-content\/uploads\/2023\/02\/Kleine-Bucher-771x1024.png 771w, https:\/\/zwischeninstitutionundutopie.de\/wp-content\/uploads\/2023\/02\/Kleine-Bucher-226x300.png 226w, https:\/\/zwischeninstitutionundutopie.de\/wp-content\/uploads\/2023\/02\/Kleine-Bucher-768x1020.png 768w, https:\/\/zwischeninstitutionundutopie.de\/wp-content\/uploads\/2023\/02\/Kleine-Bucher-1156x1536.png 1156w, https:\/\/zwischeninstitutionundutopie.de\/wp-content\/uploads\/2023\/02\/Kleine-Bucher-1541x2048.png 1541w, https:\/\/zwischeninstitutionundutopie.de\/wp-content\/uploads\/2023\/02\/Kleine-Bucher-1568x2083.png 1568w, https:\/\/zwischeninstitutionundutopie.de\/wp-content\/uploads\/2023\/02\/Kleine-Bucher.png 1874w\" sizes=\"auto, (max-width: 771px) 100vw, 771px\" \/><\/figure>\n\n\n\n<figure class=\"wp-block-image size-large\"><img loading=\"lazy\" decoding=\"async\" width=\"771\" height=\"1024\" src=\"https:\/\/zwischeninstitutionundutopie.de\/wp-content\/uploads\/2023\/02\/Klein-kaffee-6-771x1024.png\" alt=\"\" class=\"wp-image-192\" srcset=\"https:\/\/zwischeninstitutionundutopie.de\/wp-content\/uploads\/2023\/02\/Klein-kaffee-6-771x1024.png 771w, https:\/\/zwischeninstitutionundutopie.de\/wp-content\/uploads\/2023\/02\/Klein-kaffee-6-226x300.png 226w, https:\/\/zwischeninstitutionundutopie.de\/wp-content\/uploads\/2023\/02\/Klein-kaffee-6-768x1020.png 768w, https:\/\/zwischeninstitutionundutopie.de\/wp-content\/uploads\/2023\/02\/Klein-kaffee-6-1156x1536.png 1156w, https:\/\/zwischeninstitutionundutopie.de\/wp-content\/uploads\/2023\/02\/Klein-kaffee-6-1541x2048.png 1541w, https:\/\/zwischeninstitutionundutopie.de\/wp-content\/uploads\/2023\/02\/Klein-kaffee-6-1568x2083.png 1568w, https:\/\/zwischeninstitutionundutopie.de\/wp-content\/uploads\/2023\/02\/Klein-kaffee-6.png 1807w\" sizes=\"auto, (max-width: 771px) 100vw, 771px\" \/><\/figure>\n\n\n\n<figure class=\"wp-block-image size-large\"><img loading=\"lazy\" decoding=\"async\" width=\"598\" height=\"1024\" src=\"https:\/\/zwischeninstitutionundutopie.de\/wp-content\/uploads\/2023\/02\/Palme-1-598x1024.png\" alt=\"\" class=\"wp-image-276\" srcset=\"https:\/\/zwischeninstitutionundutopie.de\/wp-content\/uploads\/2023\/02\/Palme-1-598x1024.png 598w, https:\/\/zwischeninstitutionundutopie.de\/wp-content\/uploads\/2023\/02\/Palme-1-175x300.png 175w, https:\/\/zwischeninstitutionundutopie.de\/wp-content\/uploads\/2023\/02\/Palme-1-768x1314.png 768w, https:\/\/zwischeninstitutionundutopie.de\/wp-content\/uploads\/2023\/02\/Palme-1-898x1536.png 898w, https:\/\/zwischeninstitutionundutopie.de\/wp-content\/uploads\/2023\/02\/Palme-1-1197x2048.png 1197w, https:\/\/zwischeninstitutionundutopie.de\/wp-content\/uploads\/2023\/02\/Palme-1.png 1381w\" sizes=\"auto, (max-width: 598px) 100vw, 598px\" \/><\/figure>\n<\/div>\n<\/div>\n\n\n\n<p class=\"has-small-font-size\"><\/p>\n","protected":false},"excerpt":{"rendered":"<p>Zwischen Institution und Utopie ist ein feministisches Wissenschaftskollektiv, das sich mit gesellschafts- und geschlechtertheoretischen Fragen auseinandersetzt. Wir verstehen uns&nbsp; als autonomer Zusammenschluss, der institutionell unabh\u00e4ngig ist und sich dezentral organisiert. Das Kollektiv zielt auf eine internationale Vernetzung und verfolgt eine geschlechter-, klassen- und generations\u00fcbergreifende Arbeitsweise. Als au\u00dferuniversit\u00e4rer Forschungszusammenhang besch\u00e4ftigen wir uns vor allem mit feministischer&hellip; <a class=\"more-link\" href=\"https:\/\/zwischeninstitutionundutopie.de\/?page_id=270\"><span class=\"screen-reader-text\">Selbstverst\u00e4ndnis<\/span> weiterlesen<\/a><\/p>\n","protected":false},"author":1,"featured_media":0,"parent":15,"menu_order":1,"comment_status":"closed","ping_status":"closed","template":"","meta":{"_monsterinsights_skip_tracking":false,"_monsterinsights_sitenote_active":false,"_monsterinsights_sitenote_note":"","_monsterinsights_sitenote_category":0,"footnotes":""},"class_list":["post-270","page","type-page","status-publish","hentry","entry"],"aioseo_notices":[],"_links":{"self":[{"href":"https:\/\/zwischeninstitutionundutopie.de\/index.php?rest_route=\/wp\/v2\/pages\/270","targetHints":{"allow":["GET"]}}],"collection":[{"href":"https:\/\/zwischeninstitutionundutopie.de\/index.php?rest_route=\/wp\/v2\/pages"}],"about":[{"href":"https:\/\/zwischeninstitutionundutopie.de\/index.php?rest_route=\/wp\/v2\/types\/page"}],"author":[{"embeddable":true,"href":"https:\/\/zwischeninstitutionundutopie.de\/index.php?rest_route=\/wp\/v2\/users\/1"}],"replies":[{"embeddable":true,"href":"https:\/\/zwischeninstitutionundutopie.de\/index.php?rest_route=%2Fwp%2Fv2%2Fcomments&post=270"}],"version-history":[{"count":4,"href":"https:\/\/zwischeninstitutionundutopie.de\/index.php?rest_route=\/wp\/v2\/pages\/270\/revisions"}],"predecessor-version":[{"id":279,"href":"https:\/\/zwischeninstitutionundutopie.de\/index.php?rest_route=\/wp\/v2\/pages\/270\/revisions\/279"}],"up":[{"embeddable":true,"href":"https:\/\/zwischeninstitutionundutopie.de\/index.php?rest_route=\/wp\/v2\/pages\/15"}],"wp:attachment":[{"href":"https:\/\/zwischeninstitutionundutopie.de\/index.php?rest_route=%2Fwp%2Fv2%2Fmedia&parent=270"}],"curies":[{"name":"wp","href":"https:\/\/api.w.org\/{rel}","templated":true}]}}